{"id":66,"date":"2021-10-19T12:07:00","date_gmt":"2021-10-19T12:07:00","guid":{"rendered":"https:\/\/hwd-t\u00fcrck.de\/?page_id=66"},"modified":"2021-10-21T10:37:09","modified_gmt":"2021-10-21T10:37:09","slug":"impressum","status":"publish","type":"page","link":"https:\/\/hwd-t\u00fcrck.de\/?page_id=66","title":{"rendered":"Impressum"},"content":{"rendered":"\t\t<div data-elementor-type=\"wp-page\" data-elementor-id=\"66\" class=\"elementor elementor-66\">\n\t\t\t\t\t\t\t\t\t<section class=\"elementor-section elementor-top-section elementor-element elementor-element-fa75ab2 elementor-section-boxed elementor-section-height-default elementor-section-height-default\" data-id=\"fa75ab2\" data-element_type=\"section\">\n\t\t\t\t\t\t<div class=\"elementor-container elementor-column-gap-default\">\n\t\t\t\t\t<div class=\"elementor-column elementor-col-100 elementor-top-column elementor-element elementor-element-807f5f4\" data-id=\"807f5f4\" data-element_type=\"column\">\n\t\t\t<div class=\"elementor-widget-wrap elementor-element-populated\">\n\t\t\t\t\t\t\t\t<div class=\"elementor-element elementor-element-52b60f4 elementor-widget elementor-widget-heading\" data-id=\"52b60f4\" data-element_type=\"widget\" data-widget_type=\"heading.default\">\n\t\t\t\t<div class=\"elementor-widget-container\">\n\t\t\t<style>\/*! elementor - v3.10.0 - 09-01-2023 *\/\n.elementor-heading-title{padding:0;margin:0;line-height:1}.elementor-widget-heading .elementor-heading-title[class*=elementor-size-]>a{color:inherit;font-size:inherit;line-height:inherit}.elementor-widget-heading .elementor-heading-title.elementor-size-small{font-size:15px}.elementor-widget-heading .elementor-heading-title.elementor-size-medium{font-size:19px}.elementor-widget-heading .elementor-heading-title.elementor-size-large{font-size:29px}.elementor-widget-heading .elementor-heading-title.elementor-size-xl{font-size:39px}.elementor-widget-heading .elementor-heading-title.elementor-size-xxl{font-size:59px}<\/style><h2 class=\"elementor-heading-title elementor-size-default\">Impressum<\/h2>\t\t<\/div>\n\t\t\t\t<\/div>\n\t\t\t\t\t<\/div>\n\t\t<\/div>\n\t\t\t\t\t\t\t<\/div>\n\t\t<\/section>\n\t\t\t\t<section class=\"elementor-section elementor-top-section elementor-element elementor-element-44e2363 elementor-section-boxed elementor-section-height-default elementor-section-height-default\" data-id=\"44e2363\" data-element_type=\"section\">\n\t\t\t\t\t\t<div class=\"elementor-container elementor-column-gap-default\">\n\t\t\t\t\t<div class=\"elementor-column elementor-col-100 elementor-top-column elementor-element elementor-element-a919204\" data-id=\"a919204\" data-element_type=\"column\">\n\t\t\t<div class=\"elementor-widget-wrap elementor-element-populated\">\n\t\t\t\t\t\t\t\t<div class=\"elementor-element elementor-element-e54e821 elementor-widget elementor-widget-shortcode\" data-id=\"e54e821\" data-element_type=\"widget\" data-widget_type=\"shortcode.default\">\n\t\t\t\t<div class=\"elementor-widget-container\">\n\t\t\t\t\t<div class=\"elementor-shortcode\"><p><b>Angaben gem\u00e4\u00df \u00a7 5 TMG<\/b><\/p><p>Haus- &amp; Wohnungsdienst<br \/>Bernd T&uuml;rck<br\/>Wassenberger Stra&szlig;e 110<br\/>52525 Heinsberg<br\/>NRW<br\/><\/p><p><b>Vertreten durch:<\/b> Bernd T&uuml;rck<br\/><\/p><p><b>Kontakt:<\/b><br\/>Telefon: (+49) 172 \/ 7286133<br\/>E-Mail: info@hwd-t&uuml;rck.de<br\/><\/p><br \/><h4 style=\"font-family: Roboto, sans-serif; color: #7a7a7a; margin-top: 1em; margin-bottom: 0.5em; border: 0px none; padding: 0px;\">Disclaimer:<\/h4>\n<p style=\"margin-bottom: 1.5em; border: 0px none; padding: 0px; line-height: 1.5em; color: #7a7a7a; font-family: Roboto, sans-serif;\">Haus- &amp; Wohnungsdienst Bernd T\u00fcrck, Inhaber: Bernd T\u00fcrck nachfolgend als HWD-T\u00fcrck benannt, \u00fcbernimmt keinerlei Gew\u00e4hr f\u00fcr die Aktualit\u00e4t, Korrektheit, Vollst\u00e4ndigkeit oder Qualit\u00e4t der bereitgestellten Informationen. Haftungsanspr\u00fcche gegen HWD-T\u00fcrck, welche sich auf Sch\u00e4den materieller oder ideeller Art beziehen, die durch die Nutzung oder Nichtnutzung der dargebotenen Informationen bzw. durch die Nutzung fehlerhafter und unvollst\u00e4ndiger Informationen verursacht wurden, sind grunds\u00e4tzlich ausgeschlossen, sofern von HWD-T\u00fcrck kein nachweislich vors\u00e4tzliches oder grob fahrl\u00e4ssiges Verschulden vorliegt.<\/p>\n<p style=\"margin-bottom: 1.5em; border: 0px none; padding: 0px; line-height: 1.5em; color: #7a7a7a; font-family: Roboto, sans-serif;\">Alle Angebote sind freibleibend und unverbindlich und basieren ausschlie\u00dflich auf Informationen des Eigent\u00fcmers.<\/p>\n<h4 style=\"font-family: Roboto, sans-serif; color: #7a7a7a; margin-top: 1em; margin-bottom: 0.5em; border: 0px none; padding: 0px;\">Hinweis zur Problematik von externen Links<\/h4>\n<p style=\"margin-bottom: 1.5em; border: 0px none; padding: 0px; line-height: 1.5em; color: #7a7a7a; font-family: Roboto, sans-serif;\">HWD-T\u00fcrck ist als Inhaltsanbieter f\u00fcr die \u201eeigenen Inhalte\u201c nach den allgemeinen Gesetzen verantwortlich.<\/p>\n<p style=\"margin-bottom: 1.5em; border: 0px none; padding: 0px; line-height: 1.5em; color: #7a7a7a; font-family: Roboto, sans-serif;\">In dieser Internetpr\u00e4senz existieren Querverweise (\u201eLinks\u201c), auf von anderen Anbietern bereitgehaltene Inhalte. F\u00fcr diese fremden Inhalte, ist HWD-T\u00fcrck nur dann verantwortlich, wenn HWD-T\u00fcrck von ihnen (d.h. auch von einem rechtswidrigen bzw. strafbaren Inhalt) positive Kenntnis hat, und es HWD-T\u00fcrck technisch m\u00f6glich und zumutbar ist, deren Nutzung zu verhindern.<\/p>\n<p style=\"margin-bottom: 1.5em; border: 0px none; padding: 0px; line-height: 1.5em; color: #7a7a7a; font-family: Roboto, sans-serif;\">Bei \u201eLinks\u201c handelt es sich allerdings stets um \u201elebende\u201c (dynamische) Verweisungen. HWD-T\u00fcrck hat bei der erstmaligen Verkn\u00fcpfung zwar den fremden Inhalt daraufhin \u00fcberpr\u00fcft, ob durch ihn eine m\u00f6gliche zivilrechtliche oder strafrechtliche Verantwortlichkeit ausgel\u00f6st wird. HWD-T\u00fcrck ist aber nicht dazu verpflichtet, die Inhalte, auf die HWD-T\u00fcrck innerhalb dieser Seiten verweist, st\u00e4ndig auf Ver\u00e4nderungen zu \u00fcberpr\u00fcfen, die eine Verantwortlichkeit neu begr\u00fcnden k\u00f6nnten. Erst wenn wir feststellen oder von anderen darauf hingewiesen werden, dass ein konkretes Angebot, zu dem wir einen Link bereitgestellt haben, eine zivil- oder strafrechtliche Verantwortlichkeit ausl\u00f6st, werden wir den Verweis auf dieses Angebot aufheben, soweit uns dies technisch m\u00f6glich und zumutbar ist. Die technische M\u00f6glichkeit und Zumutbarkeit wird nicht dadurch beeinflusst, dass auch nach Unterbindung des Zugriffs von unserer Homepage von anderen Servern aus auf das rechtswidrige oder strafbare Angebot zugegriffen werden kann.<\/p>\n<h4 style=\"font-family: Roboto, sans-serif; color: #7a7a7a; margin-top: 1em; margin-bottom: 0.5em; border: 0px none; padding: 0px;\">Speicherung von Zugriffsdaten<\/h4>\n<p style=\"margin-bottom: 1.5em; border: 0px none; padding: 0px; line-height: 1.5em; color: #7a7a7a; font-family: Roboto, sans-serif;\">Bei jeder Anforderung einer Datei aus dieser Internetpr\u00e4senz werden systemseitig und ohne Einfluss von HWD-T\u00fcrck Zugriffsdaten gespeichert. Jeder Datensatz besteht aus: der Seite, von der aus die Datei angefordert wurde<\/p>\n<ul style=\"border: 0px none; padding-top: 0.5em; padding-bottom: 0.5em; padding-left: 1.5em; color: #7a7a7a; font-family: Roboto, sans-serif;\">\n<li class=\"first-child\" style=\"border: 0px none; margin: 0px 0px 0.5em; padding: 0px;\">dem Namen der Datei<\/li>\n<li style=\"border: 0px none; margin: 0px 0px 0.5em; padding: 0px;\">dem Datum und Uhrzeit der Anforderung<\/li>\n<li style=\"border: 0px none; margin: 0px 0px 0.5em; padding: 0px;\">der \u00fcbertragenen Datenmenge<\/li>\n<li style=\"border: 0px none; margin: 0px 0px 0.5em; padding: 0px;\">dem Zugriffsstatus (Datei \u00fcbertragen, Datei nicht gefunden etc.)<\/li>\n<li style=\"border: 0px none; margin: 0px 0px 0.5em; padding: 0px;\">einer Beschreibung des Typs des verwendeten Webbrowsers<\/li>\n<li class=\"last-child\" style=\"border: 0px none; margin: 0px 0px 0.5em; padding: 0px;\">anfragende Domain<\/li>\n<\/ul>\n<p style=\"margin-bottom: 1.5em; border: 0px none; padding: 0px; line-height: 1.5em; color: #7a7a7a; font-family: Roboto, sans-serif;\">Die gespeicherten Daten werden ausschlie\u00dflich zu statistischen Zwecken ausgewertet, eine Weitergabe an Dritte, auch in Ausz\u00fcgen, findet nicht statt.<\/p>\n<h4 style=\"font-family: Roboto, sans-serif; color: #7a7a7a; margin-top: 1em; margin-bottom: 0.5em; border: 0px none; padding: 0px;\">Personenbezogene Daten<\/h4>\n<p style=\"margin-bottom: 1.5em; border: 0px none; padding: 0px; line-height: 1.5em; color: #7a7a7a; font-family: Roboto, sans-serif;\">Innerhalb unserer Internetpr\u00e4senz besteht die M\u00f6glichkeit, personenbezogene Daten zu \u00fcbermitteln. \u201ePersonenbezogene Daten\u201c sind Informationen, die genutzt werden k\u00f6nnen, um Ihre Identit\u00e4t zu erfahren. Darunter fallen Informationen wie Ihr Name, Adresse, Postanschrift, Telefonnummer, Email-Adresse.<\/p>\n<p style=\"margin-bottom: 1.5em; border: 0px none; padding: 0px; line-height: 1.5em; color: #7a7a7a; font-family: Roboto, sans-serif;\">Hinsichtlich Ihrer personenbezogenen Daten weisen wir gem\u00e4\u00df \u00a7 33 BDSG darauf hin, dass diese nach Ma\u00dfgabe der anwendbaren Datenschutzbestimmungen gespeichert und\/oder \u00fcbertragen werden.<\/p>\n<p style=\"margin-bottom: 1.5em; border: 0px none; padding: 0px; line-height: 1.5em; color: #7a7a7a; font-family: Roboto, sans-serif;\">Alle uns \u00fcbermittelten, personenbezogene Daten werden absolut vertraulich behandelt und nur mit gesonderter Zustimmung an Dritte weitergeleitet.<\/p>\n<p style=\"margin-bottom: 1.5em; border: 0px none; padding: 0px; line-height: 1.5em; color: #7a7a7a; font-family: Roboto, sans-serif;\">Wir machen Sie darauf aufmerksam, dass der Datenschutz in offenen Netzen, wie dem Internet, nach dem derzeitigen Stand der Technik nicht vollst\u00e4ndig gew\u00e4hrleistet werden kann.<\/p>\n<h4 style=\"font-family: Roboto, sans-serif; color: #7a7a7a; margin-top: 1em; margin-bottom: 0.5em; border: 0px none; padding: 0px;\">Urheber- und Kennzeichenrecht<\/h4>\n<p style=\"margin-bottom: 1.5em; border: 0px none; padding: 0px; line-height: 1.5em; color: #7a7a7a; font-family: Roboto, sans-serif;\">HWD-T\u00fcrck ist bestrebt, die Urheberrechte der verwendeten Grafiken, Tondokumente, Videosequenzen und Texte zu beachten, selbst erstellte Grafiken, Tondokumente, Videosequenzen und Texte zu nutzen, oder auf lizenzfreie Grafiken, Tondokumente, Videosequenzen und Texte zur\u00fcckzugreifen.<\/p>\n<p style=\"margin-bottom: 1.5em; border: 0px none; padding: 0px; line-height: 1.5em; color: #7a7a7a; font-family: Roboto, sans-serif;\">Das Copyright f\u00fcr ver\u00f6ffentlichte, von HWD-T\u00fcrck selbst erstellte Text-,<br \/>\nTon- und Bildobjekte bleibt allein bei HWD-T\u00fcrck. Eine Vervielf\u00e4ltigung, oder Verwendung solcher Grafiken, Tondokumente, Videosequenzen und Texte in anderen elektronischen oder gedruckten Publikationen ist nicht gestattet.<\/p>\n<p style=\"margin-bottom: 1.5em; border: 0px none; padding: 0px; line-height: 1.5em; color: #7a7a7a; font-family: Roboto, sans-serif;\">Im Falle von wettbewerbsrechtlichen, domainrechtlichen, urheberrechtlichen, markenrechten oder \u00e4hnlichen Problemen bitten wir Sie, uns zur Vermeidung unn\u00f6tiger Rechtsstreite und Kosten bereits im Vorfeld zu kontaktieren. Die Kostennote einer anwaltlichen Abmahnung ohne vorhergehende Kontaktaufnahme wird im Sinne der Schadensminderungspflicht als unbegr\u00fcndet zur\u00fcckgewiesen! Wir garantieren, dass zu Recht beanstandete Passagen unverz\u00fcglich entfernt oder korrigiert werden, ohne dass von Ihrer Seite die Einschaltung eines Rechtsbeistandes erforderlich ist. Sollten Sie gleichwohl einen Anwalt beauftragen, k\u00f6nnen sie dessen Kosten gem. \u00a7 254 BGB nicht geltend machen.<\/p>\n<h4 style=\"font-family: Roboto, sans-serif; color: #7a7a7a; margin-top: 1em; margin-bottom: 0.5em; border: 0px none; padding: 0px;\">Verbraucherinformation zur Online-Streitbeilegung gem\u00e4\u00df Verordnung\u00a0\u00a0 (EU) Nr. 524\/2013<\/h4>\n<p style=\"margin-bottom: 1.5em; border: 0px none; padding: 0px; line-height: 1.5em; color: #7a7a7a; font-family: Roboto, sans-serif;\">Im Rahmen der Verordnung \u00fcber Online-Streitbeilegung zu Verbraucherangelegenheiten steht Ihnen unter<\/p>\n<p style=\"margin-bottom: 1.5em; border: 0px none; padding: 0px; line-height: 1.5em; color: #7a7a7a; font-family: Roboto, sans-serif;\"><a style=\"box-shadow: none;\" href=\"http:\/\/ec.europa.eu\/consumers\/odr\/\" target=\"_blank\" rel=\"noopener\">http:\/\/ec.europa.eu\/consumers\/odr\/<\/a><\/p>\n<p style=\"margin-bottom: 1.5em; border: 0px none; padding: 0px; line-height: 1.5em; color: #7a7a7a; font-family: Roboto, sans-serif;\">eine Online-Streitbeilegungsplattform der EU-Kommission zur Verf\u00fcgung.<\/p>\n<h4 style=\"font-family: Roboto, sans-serif; color: #7a7a7a; margin-top: 1em; margin-bottom: 0.5em; border: 0px none; padding: 0px;\">Rechtswirksamkeit<\/h4>\n<p style=\"margin-bottom: 0px; border: 0px none; padding: 0px; line-height: 1.5em; color: #7a7a7a; font-family: Roboto, sans-serif;\">Sofern Teile, oder einzelne Formulierungen dieses Textes der geltenden Rechtslage nicht, nicht mehr, oder nicht vollst\u00e4ndig entsprechen sollten, bleiben die \u00fcbrigen Teile in ihrem Inhalt und ihrer G\u00fcltigkeit davon unber\u00fchrt.<\/p>\n<\/div>\n\t\t\t\t<\/div>\n\t\t\t\t<\/div>\n\t\t\t\t\t<\/div>\n\t\t<\/div>\n\t\t\t\t\t\t\t<\/div>\n\t\t<\/section>\n\t\t\t\t\t\t\t<\/div>\n\t\t","protected":false},"excerpt":{"rendered":"<p>Impressum<\/p>\n","protected":false},"author":2,"featured_media":0,"parent":0,"menu_order":0,"comment_status":"closed","ping_status":"closed","template":"","meta":[],"yoast_head":"<!-- This site is optimized with the Yoast SEO plugin v19.14 - https:\/\/yoast.com\/wordpress\/plugins\/seo\/ -->\n<title>Impressum - Haus- &amp; Wohnungsdienst Bernd T\u00fcrck<\/title>\n<meta name=\"robots\" content=\"index, follow, max-snippet:-1, max-image-preview:large, max-video-preview:-1\" \/>\n<link rel=\"canonical\" href=\"https:\/\/hwd-t\u00fcrck.de\/?page_id=66\" \/>\n<meta property=\"og:locale\" content=\"de_DE\" \/>\n<meta property=\"og:type\" content=\"article\" \/>\n<meta property=\"og:title\" content=\"Impressum - Haus- &amp; Wohnungsdienst Bernd T\u00fcrck\" \/>\n<meta property=\"og:description\" content=\"Impressum\" \/>\n<meta property=\"og:url\" content=\"https:\/\/hwd-t\u00fcrck.de\/?page_id=66\" \/>\n<meta property=\"og:site_name\" content=\"Haus- &amp; Wohnungsdienst Bernd T\u00fcrck\" \/>\n<meta property=\"article:modified_time\" content=\"2021-10-21T10:37:09+00:00\" \/>\n<meta name=\"twitter:card\" content=\"summary_large_image\" \/>\n<script type=\"application\/ld+json\" class=\"yoast-schema-graph\">{\"@context\":\"https:\/\/schema.org\",\"@graph\":[{\"@type\":\"WebPage\",\"@id\":\"https:\/\/hwd-t\u00fcrck.de\/?page_id=66\",\"url\":\"https:\/\/hwd-t\u00fcrck.de\/?page_id=66\",\"name\":\"Impressum - Haus- &amp; Wohnungsdienst Bernd T\u00fcrck\",\"isPartOf\":{\"@id\":\"https:\/\/hwd-t\u00fcrck.de\/#website\"},\"datePublished\":\"2021-10-19T12:07:00+00:00\",\"dateModified\":\"2021-10-21T10:37:09+00:00\",\"breadcrumb\":{\"@id\":\"https:\/\/hwd-t\u00fcrck.de\/?page_id=66#breadcrumb\"},\"inLanguage\":\"de-DE\",\"potentialAction\":[{\"@type\":\"ReadAction\",\"target\":[\"https:\/\/hwd-t\u00fcrck.de\/?page_id=66\"]}]},{\"@type\":\"BreadcrumbList\",\"@id\":\"https:\/\/hwd-t\u00fcrck.de\/?page_id=66#breadcrumb\",\"itemListElement\":[{\"@type\":\"ListItem\",\"position\":1,\"name\":\"Startseite\",\"item\":\"https:\/\/hwd-t\u00fcrck.de\/\"},{\"@type\":\"ListItem\",\"position\":2,\"name\":\"Impressum\"}]},{\"@type\":\"WebSite\",\"@id\":\"https:\/\/hwd-t\u00fcrck.de\/#website\",\"url\":\"https:\/\/hwd-t\u00fcrck.de\/\",\"name\":\"Haus- &amp; Wohnungsdienst Bernd T\u00fcrck\",\"description\":\"Unser Motto: &quot;Wir nehmen Ihnen die Arbeit ab!&quot;\",\"publisher\":{\"@id\":\"https:\/\/hwd-t\u00fcrck.de\/#organization\"},\"potentialAction\":[{\"@type\":\"SearchAction\",\"target\":{\"@type\":\"EntryPoint\",\"urlTemplate\":\"https:\/\/hwd-t\u00fcrck.de\/?s={search_term_string}\"},\"query-input\":\"required name=search_term_string\"}],\"inLanguage\":\"de-DE\"},{\"@type\":\"Organization\",\"@id\":\"https:\/\/hwd-t\u00fcrck.de\/#organization\",\"name\":\"Haus- & Wohnungsdienst B. T\u00fcrck\",\"url\":\"https:\/\/hwd-t\u00fcrck.de\/\",\"logo\":{\"@type\":\"ImageObject\",\"inLanguage\":\"de-DE\",\"@id\":\"https:\/\/hwd-t\u00fcrck.de\/#\/schema\/logo\/image\/\",\"url\":\"https:\/\/hwd-t\u00fcrck.de\/wp-content\/uploads\/2022\/01\/Logo_klein.jpg\",\"contentUrl\":\"https:\/\/hwd-t\u00fcrck.de\/wp-content\/uploads\/2022\/01\/Logo_klein.jpg\",\"width\":354,\"height\":286,\"caption\":\"Haus- & Wohnungsdienst B. T\u00fcrck\"},\"image\":{\"@id\":\"https:\/\/hwd-t\u00fcrck.de\/#\/schema\/logo\/image\/\"}}]}<\/script>\n<!-- \/ Yoast SEO plugin. -->","yoast_head_json":{"title":"Impressum - Haus- &amp; Wohnungsdienst Bernd T\u00fcrck","robots":{"index":"index","follow":"follow","max-snippet":"max-snippet:-1","max-image-preview":"max-image-preview:large","max-video-preview":"max-video-preview:-1"},"canonical":"https:\/\/hwd-t\u00fcrck.de\/?page_id=66","og_locale":"de_DE","og_type":"article","og_title":"Impressum - Haus- &amp; Wohnungsdienst Bernd T\u00fcrck","og_description":"Impressum","og_url":"https:\/\/hwd-t\u00fcrck.de\/?page_id=66","og_site_name":"Haus- &amp; Wohnungsdienst Bernd T\u00fcrck","article_modified_time":"2021-10-21T10:37:09+00:00","twitter_card":"summary_large_image","schema":{"@context":"https:\/\/schema.org","@graph":[{"@type":"WebPage","@id":"https:\/\/hwd-t\u00fcrck.de\/?page_id=66","url":"https:\/\/hwd-t\u00fcrck.de\/?page_id=66","name":"Impressum - Haus- &amp; Wohnungsdienst Bernd T\u00fcrck","isPartOf":{"@id":"https:\/\/hwd-t\u00fcrck.de\/#website"},"datePublished":"2021-10-19T12:07:00+00:00","dateModified":"2021-10-21T10:37:09+00:00","breadcrumb":{"@id":"https:\/\/hwd-t\u00fcrck.de\/?page_id=66#breadcrumb"},"inLanguage":"de-DE","potentialAction":[{"@type":"ReadAction","target":["https:\/\/hwd-t\u00fcrck.de\/?page_id=66"]}]},{"@type":"BreadcrumbList","@id":"https:\/\/hwd-t\u00fcrck.de\/?page_id=66#breadcrumb","itemListElement":[{"@type":"ListItem","position":1,"name":"Startseite","item":"https:\/\/hwd-t\u00fcrck.de\/"},{"@type":"ListItem","position":2,"name":"Impressum"}]},{"@type":"WebSite","@id":"https:\/\/hwd-t\u00fcrck.de\/#website","url":"https:\/\/hwd-t\u00fcrck.de\/","name":"Haus- &amp; Wohnungsdienst Bernd T\u00fcrck","description":"Unser Motto: &quot;Wir nehmen Ihnen die Arbeit ab!&quot;","publisher":{"@id":"https:\/\/hwd-t\u00fcrck.de\/#organization"},"potentialAction":[{"@type":"SearchAction","target":{"@type":"EntryPoint","urlTemplate":"https:\/\/hwd-t\u00fcrck.de\/?s={search_term_string}"},"query-input":"required name=search_term_string"}],"inLanguage":"de-DE"},{"@type":"Organization","@id":"https:\/\/hwd-t\u00fcrck.de\/#organization","name":"Haus- & Wohnungsdienst B. T\u00fcrck","url":"https:\/\/hwd-t\u00fcrck.de\/","logo":{"@type":"ImageObject","inLanguage":"de-DE","@id":"https:\/\/hwd-t\u00fcrck.de\/#\/schema\/logo\/image\/","url":"https:\/\/hwd-t\u00fcrck.de\/wp-content\/uploads\/2022\/01\/Logo_klein.jpg","contentUrl":"https:\/\/hwd-t\u00fcrck.de\/wp-content\/uploads\/2022\/01\/Logo_klein.jpg","width":354,"height":286,"caption":"Haus- & Wohnungsdienst B. T\u00fcrck"},"image":{"@id":"https:\/\/hwd-t\u00fcrck.de\/#\/schema\/logo\/image\/"}}]}},"_links":{"self":[{"href":"https:\/\/hwd-t\u00fcrck.de\/index.php?rest_route=\/wp\/v2\/pages\/66"}],"collection":[{"href":"https:\/\/hwd-t\u00fcrck.de\/index.php?rest_route=\/wp\/v2\/pages"}],"about":[{"href":"https:\/\/hwd-t\u00fcrck.de\/index.php?rest_route=\/wp\/v2\/types\/page"}],"author":[{"embeddable":true,"href":"https:\/\/hwd-t\u00fcrck.de\/index.php?rest_route=\/wp\/v2\/users\/2"}],"replies":[{"embeddable":true,"href":"https:\/\/hwd-t\u00fcrck.de\/index.php?rest_route=%2Fwp%2Fv2%2Fcomments&post=66"}],"version-history":[{"count":10,"href":"https:\/\/hwd-t\u00fcrck.de\/index.php?rest_route=\/wp\/v2\/pages\/66\/revisions"}],"predecessor-version":[{"id":188,"href":"https:\/\/hwd-t\u00fcrck.de\/index.php?rest_route=\/wp\/v2\/pages\/66\/revisions\/188"}],"wp:attachment":[{"href":"https:\/\/hwd-t\u00fcrck.de\/index.php?rest_route=%2Fwp%2Fv2%2Fmedia&parent=66"}],"curies":[{"name":"wp","href":"https:\/\/api.w.org\/{rel}","templated":true}]}}