{"id":328,"date":"2021-11-05T12:57:20","date_gmt":"2021-11-05T12:57:20","guid":{"rendered":"https:\/\/hwd-t\u00fcrck.de\/?page_id=328"},"modified":"2021-11-05T13:13:43","modified_gmt":"2021-11-05T13:13:43","slug":"mietpreise-anhaenger","status":"publish","type":"page","link":"https:\/\/hwd-t\u00fcrck.de\/?page_id=328","title":{"rendered":"Mietpreise Anh\u00e4nger"},"content":{"rendered":"\t\t<div data-elementor-type=\"wp-page\" data-elementor-id=\"328\" class=\"elementor elementor-328\">\n\t\t\t\t\t\t\t\t\t<section class=\"elementor-section elementor-top-section elementor-element elementor-element-d3e6143 elementor-section-boxed elementor-section-height-default elementor-section-height-default\" data-id=\"d3e6143\" data-element_type=\"section\">\n\t\t\t\t\t\t<div class=\"elementor-container elementor-column-gap-default\">\n\t\t\t\t\t<div class=\"elementor-column elementor-col-100 elementor-top-column elementor-element elementor-element-b48300d\" data-id=\"b48300d\" data-element_type=\"column\">\n\t\t\t<div class=\"elementor-widget-wrap elementor-element-populated\">\n\t\t\t\t\t\t\t\t<div class=\"elementor-element elementor-element-8b9269b elementor-widget elementor-widget-heading\" data-id=\"8b9269b\" data-element_type=\"widget\" data-widget_type=\"heading.default\">\n\t\t\t\t<div class=\"elementor-widget-container\">\n\t\t\t<style>\/*! elementor - v3.10.0 - 09-01-2023 *\/\n.elementor-heading-title{padding:0;margin:0;line-height:1}.elementor-widget-heading .elementor-heading-title[class*=elementor-size-]>a{color:inherit;font-size:inherit;line-height:inherit}.elementor-widget-heading .elementor-heading-title.elementor-size-small{font-size:15px}.elementor-widget-heading .elementor-heading-title.elementor-size-medium{font-size:19px}.elementor-widget-heading .elementor-heading-title.elementor-size-large{font-size:29px}.elementor-widget-heading .elementor-heading-title.elementor-size-xl{font-size:39px}.elementor-widget-heading .elementor-heading-title.elementor-size-xxl{font-size:59px}<\/style><h2 class=\"elementor-heading-title elementor-size-default\">Mietpreise f\u00fcr Anh\u00e4nger<\/h2>\t\t<\/div>\n\t\t\t\t<\/div>\n\t\t\t\t\t<\/div>\n\t\t<\/div>\n\t\t\t\t\t\t\t<\/div>\n\t\t<\/section>\n\t\t\t\t<section class=\"elementor-section elementor-top-section elementor-element elementor-element-c4fa701 elementor-section-boxed elementor-section-height-default elementor-section-height-default\" data-id=\"c4fa701\" data-element_type=\"section\">\n\t\t\t\t\t\t<div class=\"elementor-container elementor-column-gap-default\">\n\t\t\t\t\t<div class=\"elementor-column elementor-col-100 elementor-top-column elementor-element elementor-element-7a00b6e\" data-id=\"7a00b6e\" data-element_type=\"column\">\n\t\t\t<div class=\"elementor-widget-wrap elementor-element-populated\">\n\t\t\t\t\t\t\t\t<div class=\"elementor-element elementor-element-ad1c6e2 elementor-widget elementor-widget-text-editor\" data-id=\"ad1c6e2\" data-element_type=\"widget\" data-widget_type=\"text-editor.default\">\n\t\t\t\t<div class=\"elementor-widget-container\">\n\t\t\t<style>\/*! elementor - v3.10.0 - 09-01-2023 *\/\n.elementor-widget-text-editor.elementor-drop-cap-view-stacked .elementor-drop-cap{background-color:#818a91;color:#fff}.elementor-widget-text-editor.elementor-drop-cap-view-framed .elementor-drop-cap{color:#818a91;border:3px solid;background-color:transparent}.elementor-widget-text-editor:not(.elementor-drop-cap-view-default) .elementor-drop-cap{margin-top:8px}.elementor-widget-text-editor:not(.elementor-drop-cap-view-default) .elementor-drop-cap-letter{width:1em;height:1em}.elementor-widget-text-editor .elementor-drop-cap{float:left;text-align:center;line-height:1;font-size:50px}.elementor-widget-text-editor .elementor-drop-cap-letter{display:inline-block}<\/style>\t\t\t\t<p>Unsere beiden Anh\u00e4nger k\u00f6nnen Sie zu einem Tagessatz von jeweils 15,00\u20ac mieten. Darin enthalten ist die gesetzl. Mehrwertsteuer von z. Zt. 19%<\/p>\t\t\t\t\t\t<\/div>\n\t\t\t\t<\/div>\n\t\t\t\t\t<\/div>\n\t\t<\/div>\n\t\t\t\t\t\t\t<\/div>\n\t\t<\/section>\n\t\t\t\t<section class=\"elementor-section elementor-top-section elementor-element elementor-element-f309dec elementor-section-content-top elementor-section-boxed elementor-section-height-default elementor-section-height-default\" data-id=\"f309dec\" data-element_type=\"section\">\n\t\t\t\t\t\t<div class=\"elementor-container elementor-column-gap-default\">\n\t\t\t\t\t<div class=\"elementor-column elementor-col-50 elementor-top-column elementor-element elementor-element-a579c09\" data-id=\"a579c09\" data-element_type=\"column\">\n\t\t\t<div class=\"elementor-widget-wrap elementor-element-populated\">\n\t\t\t\t\t\t\t\t<div class=\"elementor-element elementor-element-c2de0b2 elementor-widget elementor-widget-image\" data-id=\"c2de0b2\" data-element_type=\"widget\" data-widget_type=\"image.default\">\n\t\t\t\t<div class=\"elementor-widget-container\">\n\t\t\t<style>\/*! elementor - v3.10.0 - 09-01-2023 *\/\n.elementor-widget-image{text-align:center}.elementor-widget-image a{display:inline-block}.elementor-widget-image a img[src$=\".svg\"]{width:48px}.elementor-widget-image img{vertical-align:middle;display:inline-block}<\/style>\t\t\t\t\t\t\t\t\t<figure class=\"wp-caption\">\n\t\t\t\t\t\t\t\t\t\t<img decoding=\"async\" src=\"https:\/\/hwd-t\u00fcrck.de\/wp-content\/uploads\/elementor\/thumbs\/stema_anhaenger_600pix-pfivtvst0xgkz3tvl62tf24nut9bncapzb1kvzsiiy.jpg\" title=\"stema_anh\u00e4nger_600pix\" alt=\"stema_anh\u00e4nger_600pix\" loading=\"lazy\" \/>\t\t\t\t\t\t\t\t\t\t\t<figcaption class=\"widget-image-caption wp-caption-text\">750 kg Stema Anh\u00e4nger mit Laubgitter und kippbar<\/figcaption>\n\t\t\t\t\t\t\t\t\t\t<\/figure>\n\t\t\t\t\t\t\t\t\t<\/div>\n\t\t\t\t<\/div>\n\t\t\t\t\t<\/div>\n\t\t<\/div>\n\t\t\t\t<div class=\"elementor-column elementor-col-50 elementor-top-column elementor-element elementor-element-952dbde\" data-id=\"952dbde\" data-element_type=\"column\">\n\t\t\t<div class=\"elementor-widget-wrap elementor-element-populated\">\n\t\t\t\t\t\t\t\t<div class=\"elementor-element elementor-element-f6d5d54 elementor-widget elementor-widget-image\" data-id=\"f6d5d54\" data-element_type=\"widget\" data-widget_type=\"image.default\">\n\t\t\t\t<div class=\"elementor-widget-container\">\n\t\t\t\t\t\t\t\t\t\t\t\t<figure class=\"wp-caption\">\n\t\t\t\t\t\t\t\t\t\t<img decoding=\"async\" width=\"600\" height=\"450\" src=\"https:\/\/hwd-t\u00fcrck.de\/wp-content\/uploads\/2021\/11\/unsinn_anhaenger_600pix.jpg\" class=\"attachment-large size-large wp-image-247\" alt=\"\" loading=\"lazy\" srcset=\"https:\/\/hwd-t\u00fcrck.de\/wp-content\/uploads\/2021\/11\/unsinn_anhaenger_600pix.jpg 600w, https:\/\/hwd-t\u00fcrck.de\/wp-content\/uploads\/2021\/11\/unsinn_anhaenger_600pix-300x225.jpg 300w\" sizes=\"(max-width: 600px) 100vw, 600px\" \/>\t\t\t\t\t\t\t\t\t\t\t<figcaption class=\"widget-image-caption wp-caption-text\">2500 kg Unsinn Anh\u00e4nger, gebremst, f\u00fcr Paletten- und Baumaschinentransport<\/figcaption>\n\t\t\t\t\t\t\t\t\t\t<\/figure>\n\t\t\t\t\t\t\t\t\t<\/div>\n\t\t\t\t<\/div>\n\t\t\t\t\t<\/div>\n\t\t<\/div>\n\t\t\t\t\t\t\t<\/div>\n\t\t<\/section>\n\t\t\t\t<section class=\"elementor-section elementor-top-section elementor-element elementor-element-0ed7473 elementor-section-boxed elementor-section-height-default elementor-section-height-default\" data-id=\"0ed7473\" data-element_type=\"section\">\n\t\t\t\t\t\t<div class=\"elementor-container elementor-column-gap-default\">\n\t\t\t\t\t<div class=\"elementor-column elementor-col-100 elementor-top-column elementor-element elementor-element-1bffd12\" data-id=\"1bffd12\" data-element_type=\"column\">\n\t\t\t<div class=\"elementor-widget-wrap elementor-element-populated\">\n\t\t\t\t\t\t\t\t<div class=\"elementor-element elementor-element-805ed32 elementor-widget elementor-widget-image\" data-id=\"805ed32\" data-element_type=\"widget\" data-widget_type=\"image.default\">\n\t\t\t\t<div class=\"elementor-widget-container\">\n\t\t\t\t\t\t\t\t\t\t\t\t<figure class=\"wp-caption\">\n\t\t\t\t\t\t\t\t\t\t<img decoding=\"async\" width=\"600\" height=\"315\" src=\"https:\/\/hwd-t\u00fcrck.de\/wp-content\/uploads\/2021\/11\/unsinn_2k5t_gebremst_baumaschinen_paletten_600pix.jpg\" class=\"attachment-large size-large wp-image-246\" alt=\"\" loading=\"lazy\" srcset=\"https:\/\/hwd-t\u00fcrck.de\/wp-content\/uploads\/2021\/11\/unsinn_2k5t_gebremst_baumaschinen_paletten_600pix.jpg 600w, https:\/\/hwd-t\u00fcrck.de\/wp-content\/uploads\/2021\/11\/unsinn_2k5t_gebremst_baumaschinen_paletten_600pix-300x158.jpg 300w\" sizes=\"(max-width: 600px) 100vw, 600px\" \/>\t\t\t\t\t\t\t\t\t\t\t<figcaption class=\"widget-image-caption wp-caption-text\">2500 kg Unsinn Anh\u00e4nger, gebremst, f\u00fcr Paletten- und Baumaschinentransport<\/figcaption>\n\t\t\t\t\t\t\t\t\t\t<\/figure>\n\t\t\t\t\t\t\t\t\t<\/div>\n\t\t\t\t<\/div>\n\t\t\t\t\t<\/div>\n\t\t<\/div>\n\t\t\t\t\t\t\t<\/div>\n\t\t<\/section>\n\t\t\t\t<section class=\"elementor-section elementor-top-section elementor-element elementor-element-84ff067 elementor-section-boxed elementor-section-height-default elementor-section-height-default\" data-id=\"84ff067\" data-element_type=\"section\">\n\t\t\t\t\t\t<div class=\"elementor-container elementor-column-gap-default\">\n\t\t\t\t\t<div class=\"elementor-column elementor-col-100 elementor-top-column elementor-element elementor-element-7c1e6a3\" data-id=\"7c1e6a3\" data-element_type=\"column\">\n\t\t\t<div class=\"elementor-widget-wrap elementor-element-populated\">\n\t\t\t\t\t\t\t\t<div class=\"elementor-element elementor-element-f68f93e elementor-widget elementor-widget-heading\" data-id=\"f68f93e\" data-element_type=\"widget\" data-widget_type=\"heading.default\">\n\t\t\t\t<div class=\"elementor-widget-container\">\n\t\t\t<h3 class=\"elementor-heading-title elementor-size-default\">Sprechen Sie uns an, per Telefon, Mail oder \u00fcber das Kontaktformular auf dieser Webseite!<\/h3>\t\t<\/div>\n\t\t\t\t<\/div>\n\t\t\t\t\t<\/div>\n\t\t<\/div>\n\t\t\t\t\t\t\t<\/div>\n\t\t<\/section>\n\t\t\t\t<section class=\"elementor-section elementor-top-section elementor-element elementor-element-7822c70 elementor-section-boxed elementor-section-height-default elementor-section-height-default\" data-id=\"7822c70\" data-element_type=\"section\">\n\t\t\t\t\t\t<div class=\"elementor-container elementor-column-gap-default\">\n\t\t\t\t\t<div class=\"elementor-column elementor-col-100 elementor-top-column elementor-element elementor-element-2a459b8\" data-id=\"2a459b8\" data-element_type=\"column\">\n\t\t\t<div class=\"elementor-widget-wrap elementor-element-populated\">\n\t\t\t\t\t\t\t\t<div class=\"elementor-element elementor-element-b0bf29c elementor-align-center elementor-widget elementor-widget-button\" data-id=\"b0bf29c\" data-element_type=\"widget\" data-widget_type=\"button.default\">\n\t\t\t\t<div class=\"elementor-widget-container\">\n\t\t\t\t\t<div class=\"elementor-button-wrapper\">\n\t\t\t<a href=\"https:\/\/hwd-t\u00fcrck.de\/?page_id=84\" class=\"elementor-button-link elementor-button elementor-size-md elementor-animation-bounce-in\" role=\"button\">\n\t\t\t\t\t\t<span class=\"elementor-button-content-wrapper\">\n\t\t\t\t\t\t<span class=\"elementor-button-text\">Zum Kontaktformular<\/span>\n\t\t<\/span>\n\t\t\t\t\t<\/a>\n\t\t<\/div>\n\t\t\t\t<\/div>\n\t\t\t\t<\/div>\n\t\t\t\t\t<\/div>\n\t\t<\/div>\n\t\t\t\t\t\t\t<\/div>\n\t\t<\/section>\n\t\t\t\t<section class=\"elementor-section elementor-top-section elementor-element elementor-element-5e36d91 elementor-section-boxed elementor-section-height-default elementor-section-height-default\" data-id=\"5e36d91\" data-element_type=\"section\">\n\t\t\t\t\t\t<div class=\"elementor-container elementor-column-gap-default\">\n\t\t\t\t\t<div class=\"elementor-column elementor-col-100 elementor-top-column elementor-element elementor-element-5b8113d\" data-id=\"5b8113d\" data-element_type=\"column\">\n\t\t\t<div class=\"elementor-widget-wrap elementor-element-populated\">\n\t\t\t\t\t\t\t\t<div class=\"elementor-element elementor-element-e31c67c elementor-widget-divider--view-line elementor-widget elementor-widget-divider\" data-id=\"e31c67c\" data-element_type=\"widget\" data-widget_type=\"divider.default\">\n\t\t\t\t<div class=\"elementor-widget-container\">\n\t\t\t<style>\/*! elementor - v3.10.0 - 09-01-2023 *\/\n.elementor-widget-divider{--divider-border-style:none;--divider-border-width:1px;--divider-color:#2c2c2c;--divider-icon-size:20px;--divider-element-spacing:10px;--divider-pattern-height:24px;--divider-pattern-size:20px;--divider-pattern-url:none;--divider-pattern-repeat:repeat-x}.elementor-widget-divider .elementor-divider{display:flex}.elementor-widget-divider .elementor-divider__text{font-size:15px;line-height:1;max-width:95%}.elementor-widget-divider .elementor-divider__element{margin:0 var(--divider-element-spacing);flex-shrink:0}.elementor-widget-divider .elementor-icon{font-size:var(--divider-icon-size)}.elementor-widget-divider .elementor-divider-separator{display:flex;margin:0;direction:ltr}.elementor-widget-divider--view-line_icon .elementor-divider-separator,.elementor-widget-divider--view-line_text .elementor-divider-separator{align-items:center}.elementor-widget-divider--view-line_icon .elementor-divider-separator:after,.elementor-widget-divider--view-line_icon .elementor-divider-separator:before,.elementor-widget-divider--view-line_text .elementor-divider-separator:after,.elementor-widget-divider--view-line_text .elementor-divider-separator:before{display:block;content:\"\";border-bottom:0;flex-grow:1;border-top:var(--divider-border-width) var(--divider-border-style) var(--divider-color)}.elementor-widget-divider--element-align-left .elementor-divider .elementor-divider-separator>.elementor-divider__svg:first-of-type{flex-grow:0;flex-shrink:100}.elementor-widget-divider--element-align-left .elementor-divider-separator:before{content:none}.elementor-widget-divider--element-align-left .elementor-divider__element{margin-left:0}.elementor-widget-divider--element-align-right .elementor-divider .elementor-divider-separator>.elementor-divider__svg:last-of-type{flex-grow:0;flex-shrink:100}.elementor-widget-divider--element-align-right .elementor-divider-separator:after{content:none}.elementor-widget-divider--element-align-right .elementor-divider__element{margin-right:0}.elementor-widget-divider:not(.elementor-widget-divider--view-line_text):not(.elementor-widget-divider--view-line_icon) .elementor-divider-separator{border-top:var(--divider-border-width) var(--divider-border-style) var(--divider-color)}.elementor-widget-divider--separator-type-pattern{--divider-border-style:none}.elementor-widget-divider--separator-type-pattern.elementor-widget-divider--view-line .elementor-divider-separator,.elementor-widget-divider--separator-type-pattern:not(.elementor-widget-divider--view-line) .elementor-divider-separator:after,.elementor-widget-divider--separator-type-pattern:not(.elementor-widget-divider--view-line) .elementor-divider-separator:before,.elementor-widget-divider--separator-type-pattern:not([class*=elementor-widget-divider--view]) .elementor-divider-separator{width:100%;min-height:var(--divider-pattern-height);-webkit-mask-size:var(--divider-pattern-size) 100%;mask-size:var(--divider-pattern-size) 100%;-webkit-mask-repeat:var(--divider-pattern-repeat);mask-repeat:var(--divider-pattern-repeat);background-color:var(--divider-color);-webkit-mask-image:var(--divider-pattern-url);mask-image:var(--divider-pattern-url)}.elementor-widget-divider--no-spacing{--divider-pattern-size:auto}.elementor-widget-divider--bg-round{--divider-pattern-repeat:round}.rtl .elementor-widget-divider .elementor-divider__text{direction:rtl}.e-con-inner>.elementor-widget-divider,.e-con>.elementor-widget-divider{width:var(--container-widget-width);--flex-grow:var(--container-widget-flex-grow)}<\/style>\t\t<div class=\"elementor-divider\">\n\t\t\t<span class=\"elementor-divider-separator\">\n\t\t\t\t\t\t<\/span>\n\t\t<\/div>\n\t\t\t\t<\/div>\n\t\t\t\t<\/div>\n\t\t\t\t\t<\/div>\n\t\t<\/div>\n\t\t\t\t\t\t\t<\/div>\n\t\t<\/section>\n\t\t\t\t\t\t\t<\/div>\n\t\t","protected":false},"excerpt":{"rendered":"<p>Mietpreise f\u00fcr Anh\u00e4nger Unsere beiden Anh\u00e4nger k\u00f6nnen Sie zu einem Tagessatz von jeweils 15,00\u20ac mieten. Darin enthalten ist die gesetzl. Mehrwertsteuer von z. Zt. 19% 750 kg Stema Anh\u00e4nger mit Laubgitter und kippbar 2500 kg Unsinn Anh\u00e4nger, gebremst, f\u00fcr Paletten- und Baumaschinentransport 2500 kg Unsinn Anh\u00e4nger, gebremst, f\u00fcr Paletten- und Baumaschinentransport Sprechen Sie uns an, &hellip; <\/p>\n<p><a class=\"more-link btn\" href=\"https:\/\/hwd-t\u00fcrck.de\/?page_id=328\">Weiterlesen<\/a><\/p>\n","protected":false},"author":2,"featured_media":0,"parent":0,"menu_order":0,"comment_status":"closed","ping_status":"closed","template":"","meta":[],"yoast_head":"<!-- This site is optimized with the Yoast SEO plugin v19.14 - https:\/\/yoast.com\/wordpress\/plugins\/seo\/ -->\n<title>Mietpreise Anh\u00e4nger - Haus- &amp; Wohnungsdienst Bernd T\u00fcrck<\/title>\n<meta name=\"robots\" content=\"index, follow, max-snippet:-1, max-image-preview:large, max-video-preview:-1\" \/>\n<link rel=\"canonical\" href=\"https:\/\/hwd-t\u00fcrck.de\/?page_id=328\" \/>\n<meta property=\"og:locale\" content=\"de_DE\" \/>\n<meta property=\"og:type\" content=\"article\" \/>\n<meta property=\"og:title\" content=\"Mietpreise Anh\u00e4nger - Haus- &amp; Wohnungsdienst Bernd T\u00fcrck\" \/>\n<meta property=\"og:description\" content=\"Mietpreise f\u00fcr Anh\u00e4nger Unsere beiden Anh\u00e4nger k\u00f6nnen Sie zu einem Tagessatz von jeweils 15,00\u20ac mieten. Darin enthalten ist die gesetzl. Mehrwertsteuer von z. Zt. 19% 750 kg Stema Anh\u00e4nger mit Laubgitter und kippbar 2500 kg Unsinn Anh\u00e4nger, gebremst, f\u00fcr Paletten- und Baumaschinentransport 2500 kg Unsinn Anh\u00e4nger, gebremst, f\u00fcr Paletten- und Baumaschinentransport Sprechen Sie uns an, &hellip; Weiterlesen\" \/>\n<meta property=\"og:url\" content=\"https:\/\/hwd-t\u00fcrck.de\/?page_id=328\" \/>\n<meta property=\"og:site_name\" content=\"Haus- &amp; Wohnungsdienst Bernd T\u00fcrck\" \/>\n<meta property=\"article:modified_time\" content=\"2021-11-05T13:13:43+00:00\" \/>\n<meta property=\"og:image\" content=\"https:\/\/hwd-t\u00fcrck.de\/wp-content\/uploads\/elementor\/thumbs\/stema_anhaenger_600pix-pfivtvst0xgkz3tvl62tf24nut9bncapzb1kvzsiiy.jpg\" \/>\n<meta name=\"twitter:card\" content=\"summary_large_image\" \/>\n<script type=\"application\/ld+json\" class=\"yoast-schema-graph\">{\"@context\":\"https:\/\/schema.org\",\"@graph\":[{\"@type\":\"WebPage\",\"@id\":\"https:\/\/hwd-t\u00fcrck.de\/?page_id=328\",\"url\":\"https:\/\/hwd-t\u00fcrck.de\/?page_id=328\",\"name\":\"Mietpreise Anh\u00e4nger - Haus- &amp; Wohnungsdienst Bernd T\u00fcrck\",\"isPartOf\":{\"@id\":\"https:\/\/hwd-t\u00fcrck.de\/#website\"},\"datePublished\":\"2021-11-05T12:57:20+00:00\",\"dateModified\":\"2021-11-05T13:13:43+00:00\",\"breadcrumb\":{\"@id\":\"https:\/\/hwd-t\u00fcrck.de\/?page_id=328#breadcrumb\"},\"inLanguage\":\"de-DE\",\"potentialAction\":[{\"@type\":\"ReadAction\",\"target\":[\"https:\/\/hwd-t\u00fcrck.de\/?page_id=328\"]}]},{\"@type\":\"BreadcrumbList\",\"@id\":\"https:\/\/hwd-t\u00fcrck.de\/?page_id=328#breadcrumb\",\"itemListElement\":[{\"@type\":\"ListItem\",\"position\":1,\"name\":\"Startseite\",\"item\":\"https:\/\/hwd-t\u00fcrck.de\/\"},{\"@type\":\"ListItem\",\"position\":2,\"name\":\"Mietpreise Anh\u00e4nger\"}]},{\"@type\":\"WebSite\",\"@id\":\"https:\/\/hwd-t\u00fcrck.de\/#website\",\"url\":\"https:\/\/hwd-t\u00fcrck.de\/\",\"name\":\"Haus- &amp; Wohnungsdienst Bernd T\u00fcrck\",\"description\":\"Unser Motto: &quot;Wir nehmen Ihnen die Arbeit ab!&quot;\",\"publisher\":{\"@id\":\"https:\/\/hwd-t\u00fcrck.de\/#organization\"},\"potentialAction\":[{\"@type\":\"SearchAction\",\"target\":{\"@type\":\"EntryPoint\",\"urlTemplate\":\"https:\/\/hwd-t\u00fcrck.de\/?s={search_term_string}\"},\"query-input\":\"required name=search_term_string\"}],\"inLanguage\":\"de-DE\"},{\"@type\":\"Organization\",\"@id\":\"https:\/\/hwd-t\u00fcrck.de\/#organization\",\"name\":\"Haus- & Wohnungsdienst B. T\u00fcrck\",\"url\":\"https:\/\/hwd-t\u00fcrck.de\/\",\"logo\":{\"@type\":\"ImageObject\",\"inLanguage\":\"de-DE\",\"@id\":\"https:\/\/hwd-t\u00fcrck.de\/#\/schema\/logo\/image\/\",\"url\":\"https:\/\/hwd-t\u00fcrck.de\/wp-content\/uploads\/2022\/01\/Logo_klein.jpg\",\"contentUrl\":\"https:\/\/hwd-t\u00fcrck.de\/wp-content\/uploads\/2022\/01\/Logo_klein.jpg\",\"width\":354,\"height\":286,\"caption\":\"Haus- & Wohnungsdienst B. T\u00fcrck\"},\"image\":{\"@id\":\"https:\/\/hwd-t\u00fcrck.de\/#\/schema\/logo\/image\/\"}}]}<\/script>\n<!-- \/ Yoast SEO plugin. -->","yoast_head_json":{"title":"Mietpreise Anh\u00e4nger - Haus- &amp; Wohnungsdienst Bernd T\u00fcrck","robots":{"index":"index","follow":"follow","max-snippet":"max-snippet:-1","max-image-preview":"max-image-preview:large","max-video-preview":"max-video-preview:-1"},"canonical":"https:\/\/hwd-t\u00fcrck.de\/?page_id=328","og_locale":"de_DE","og_type":"article","og_title":"Mietpreise Anh\u00e4nger - Haus- &amp; Wohnungsdienst Bernd T\u00fcrck","og_description":"Mietpreise f\u00fcr Anh\u00e4nger Unsere beiden Anh\u00e4nger k\u00f6nnen Sie zu einem Tagessatz von jeweils 15,00\u20ac mieten. Darin enthalten ist die gesetzl. Mehrwertsteuer von z. Zt. 19% 750 kg Stema Anh\u00e4nger mit Laubgitter und kippbar 2500 kg Unsinn Anh\u00e4nger, gebremst, f\u00fcr Paletten- und Baumaschinentransport 2500 kg Unsinn Anh\u00e4nger, gebremst, f\u00fcr Paletten- und Baumaschinentransport Sprechen Sie uns an, &hellip; Weiterlesen","og_url":"https:\/\/hwd-t\u00fcrck.de\/?page_id=328","og_site_name":"Haus- &amp; Wohnungsdienst Bernd T\u00fcrck","article_modified_time":"2021-11-05T13:13:43+00:00","og_image":[{"url":"https:\/\/hwd-t\u00fcrck.de\/wp-content\/uploads\/elementor\/thumbs\/stema_anhaenger_600pix-pfivtvst0xgkz3tvl62tf24nut9bncapzb1kvzsiiy.jpg"}],"twitter_card":"summary_large_image","schema":{"@context":"https:\/\/schema.org","@graph":[{"@type":"WebPage","@id":"https:\/\/hwd-t\u00fcrck.de\/?page_id=328","url":"https:\/\/hwd-t\u00fcrck.de\/?page_id=328","name":"Mietpreise Anh\u00e4nger - Haus- &amp; Wohnungsdienst Bernd T\u00fcrck","isPartOf":{"@id":"https:\/\/hwd-t\u00fcrck.de\/#website"},"datePublished":"2021-11-05T12:57:20+00:00","dateModified":"2021-11-05T13:13:43+00:00","breadcrumb":{"@id":"https:\/\/hwd-t\u00fcrck.de\/?page_id=328#breadcrumb"},"inLanguage":"de-DE","potentialAction":[{"@type":"ReadAction","target":["https:\/\/hwd-t\u00fcrck.de\/?page_id=328"]}]},{"@type":"BreadcrumbList","@id":"https:\/\/hwd-t\u00fcrck.de\/?page_id=328#breadcrumb","itemListElement":[{"@type":"ListItem","position":1,"name":"Startseite","item":"https:\/\/hwd-t\u00fcrck.de\/"},{"@type":"ListItem","position":2,"name":"Mietpreise Anh\u00e4nger"}]},{"@type":"WebSite","@id":"https:\/\/hwd-t\u00fcrck.de\/#website","url":"https:\/\/hwd-t\u00fcrck.de\/","name":"Haus- &amp; Wohnungsdienst Bernd T\u00fcrck","description":"Unser Motto: &quot;Wir nehmen Ihnen die Arbeit ab!&quot;","publisher":{"@id":"https:\/\/hwd-t\u00fcrck.de\/#organization"},"potentialAction":[{"@type":"SearchAction","target":{"@type":"EntryPoint","urlTemplate":"https:\/\/hwd-t\u00fcrck.de\/?s={search_term_string}"},"query-input":"required name=search_term_string"}],"inLanguage":"de-DE"},{"@type":"Organization","@id":"https:\/\/hwd-t\u00fcrck.de\/#organization","name":"Haus- & Wohnungsdienst B. T\u00fcrck","url":"https:\/\/hwd-t\u00fcrck.de\/","logo":{"@type":"ImageObject","inLanguage":"de-DE","@id":"https:\/\/hwd-t\u00fcrck.de\/#\/schema\/logo\/image\/","url":"https:\/\/hwd-t\u00fcrck.de\/wp-content\/uploads\/2022\/01\/Logo_klein.jpg","contentUrl":"https:\/\/hwd-t\u00fcrck.de\/wp-content\/uploads\/2022\/01\/Logo_klein.jpg","width":354,"height":286,"caption":"Haus- & Wohnungsdienst B. T\u00fcrck"},"image":{"@id":"https:\/\/hwd-t\u00fcrck.de\/#\/schema\/logo\/image\/"}}]}},"_links":{"self":[{"href":"https:\/\/hwd-t\u00fcrck.de\/index.php?rest_route=\/wp\/v2\/pages\/328"}],"collection":[{"href":"https:\/\/hwd-t\u00fcrck.de\/index.php?rest_route=\/wp\/v2\/pages"}],"about":[{"href":"https:\/\/hwd-t\u00fcrck.de\/index.php?rest_route=\/wp\/v2\/types\/page"}],"author":[{"embeddable":true,"href":"https:\/\/hwd-t\u00fcrck.de\/index.php?rest_route=\/wp\/v2\/users\/2"}],"replies":[{"embeddable":true,"href":"https:\/\/hwd-t\u00fcrck.de\/index.php?rest_route=%2Fwp%2Fv2%2Fcomments&post=328"}],"version-history":[{"count":4,"href":"https:\/\/hwd-t\u00fcrck.de\/index.php?rest_route=\/wp\/v2\/pages\/328\/revisions"}],"predecessor-version":[{"id":336,"href":"https:\/\/hwd-t\u00fcrck.de\/index.php?rest_route=\/wp\/v2\/pages\/328\/revisions\/336"}],"wp:attachment":[{"href":"https:\/\/hwd-t\u00fcrck.de\/index.php?rest_route=%2Fwp%2Fv2%2Fmedia&parent=328"}],"curies":[{"name":"wp","href":"https:\/\/api.w.org\/{rel}","templated":true}]}}