{"id":123,"date":"2021-10-20T14:11:47","date_gmt":"2021-10-20T14:11:47","guid":{"rendered":"https:\/\/hwd-t\u00fcrck.de\/?page_id=123"},"modified":"2022-05-05T15:12:44","modified_gmt":"2022-05-05T15:12:44","slug":"ueber-uns","status":"publish","type":"page","link":"https:\/\/hwd-t\u00fcrck.de\/?page_id=123","title":{"rendered":"\u00dcber uns"},"content":{"rendered":"\t\t<div data-elementor-type=\"wp-page\" data-elementor-id=\"123\" class=\"elementor elementor-123\">\n\t\t\t\t\t\t\t\t\t<section class=\"elementor-section elementor-top-section elementor-element elementor-element-ed1a554 elementor-section-boxed elementor-section-height-default elementor-section-height-default\" data-id=\"ed1a554\" data-element_type=\"section\">\n\t\t\t\t\t\t<div class=\"elementor-container elementor-column-gap-default\">\n\t\t\t\t\t<div class=\"elementor-column elementor-col-100 elementor-top-column elementor-element elementor-element-c5c16db\" data-id=\"c5c16db\" data-element_type=\"column\">\n\t\t\t<div class=\"elementor-widget-wrap elementor-element-populated\">\n\t\t\t\t\t\t\t\t<div class=\"elementor-element elementor-element-9a3f676 elementor-widget elementor-widget-heading\" data-id=\"9a3f676\" data-element_type=\"widget\" data-widget_type=\"heading.default\">\n\t\t\t\t<div class=\"elementor-widget-container\">\n\t\t\t<style>\/*! elementor - v3.10.0 - 09-01-2023 *\/\n.elementor-heading-title{padding:0;margin:0;line-height:1}.elementor-widget-heading .elementor-heading-title[class*=elementor-size-]>a{color:inherit;font-size:inherit;line-height:inherit}.elementor-widget-heading .elementor-heading-title.elementor-size-small{font-size:15px}.elementor-widget-heading .elementor-heading-title.elementor-size-medium{font-size:19px}.elementor-widget-heading .elementor-heading-title.elementor-size-large{font-size:29px}.elementor-widget-heading .elementor-heading-title.elementor-size-xl{font-size:39px}.elementor-widget-heading .elementor-heading-title.elementor-size-xxl{font-size:59px}<\/style><h2 class=\"elementor-heading-title elementor-size-default\">\u00dcber uns<\/h2>\t\t<\/div>\n\t\t\t\t<\/div>\n\t\t\t\t\t<\/div>\n\t\t<\/div>\n\t\t\t\t\t\t\t<\/div>\n\t\t<\/section>\n\t\t\t\t<section class=\"elementor-section elementor-top-section elementor-element elementor-element-5df7c04c elementor-section-boxed elementor-section-height-default elementor-section-height-default\" data-id=\"5df7c04c\" data-element_type=\"section\">\n\t\t\t\t\t\t<div class=\"elementor-container elementor-column-gap-default\">\n\t\t\t\t\t<div class=\"elementor-column elementor-col-100 elementor-top-column elementor-element elementor-element-75ab9417\" data-id=\"75ab9417\" data-element_type=\"column\">\n\t\t\t<div class=\"elementor-widget-wrap elementor-element-populated\">\n\t\t\t\t\t\t\t\t<div class=\"elementor-element elementor-element-31f2b0d9 elementor-widget elementor-widget-text-editor\" data-id=\"31f2b0d9\" data-element_type=\"widget\" data-widget_type=\"text-editor.default\">\n\t\t\t\t<div class=\"elementor-widget-container\">\n\t\t\t<style>\/*! elementor - v3.10.0 - 09-01-2023 *\/\n.elementor-widget-text-editor.elementor-drop-cap-view-stacked .elementor-drop-cap{background-color:#818a91;color:#fff}.elementor-widget-text-editor.elementor-drop-cap-view-framed .elementor-drop-cap{color:#818a91;border:3px solid;background-color:transparent}.elementor-widget-text-editor:not(.elementor-drop-cap-view-default) .elementor-drop-cap{margin-top:8px}.elementor-widget-text-editor:not(.elementor-drop-cap-view-default) .elementor-drop-cap-letter{width:1em;height:1em}.elementor-widget-text-editor .elementor-drop-cap{float:left;text-align:center;line-height:1;font-size:50px}.elementor-widget-text-editor .elementor-drop-cap-letter{display:inline-block}<\/style>\t\t\t\t<p><span style=\"font-size: medium;\">Hinter dem Namen Haus &amp; Wohnungsdienst T\u00fcrck stehen wir als familiengef\u00fchrtes Unternehmen m<\/span><span style=\"font-size: medium;\">it fast 10 j\u00e4hriger Erfahrung in der Welt des Handwerks und der Betreuung\u00a0 von Wohnobjekten.<\/span><\/p><p><span style=\"font-size: medium;\">Ganz neu in unserem Portfolio ist der Verleih von Baumaschinen und der Bereich Maler- &amp; Lackierarbeiten,\u00a0 den unsere Tochter als ausgebildete Malerin und Lackiererin in der Verantwortung hat.<\/span><\/p><p><span style=\"font-size: medium;\">Unser Standort ist in Heinsberg. Unser Auslieferungslager f\u00fcr Baumaschinen befindet sich in H\u00fcckelhoven.<\/span><\/p><p><span style=\"font-size: medium;\">Selbstverst\u00e4ndlich arbeiten wir f\u00fcr unsere Kunden auch \u00fcberregional!<\/span><\/p>\t\t\t\t\t\t<\/div>\n\t\t\t\t<\/div>\n\t\t\t\t\t<\/div>\n\t\t<\/div>\n\t\t\t\t\t\t\t<\/div>\n\t\t<\/section>\n\t\t\t\t<section class=\"elementor-section elementor-top-section elementor-element elementor-element-04f4bac elementor-section-boxed elementor-section-height-default elementor-section-height-default\" data-id=\"04f4bac\" data-element_type=\"section\">\n\t\t\t\t\t\t<div class=\"elementor-container elementor-column-gap-default\">\n\t\t\t\t\t<div class=\"elementor-column elementor-col-100 elementor-top-column elementor-element elementor-element-4db7f0b\" data-id=\"4db7f0b\" data-element_type=\"column\">\n\t\t\t<div class=\"elementor-widget-wrap elementor-element-populated\">\n\t\t\t\t\t\t\t\t<div class=\"elementor-element elementor-element-b8a863e elementor-widget elementor-widget-heading\" data-id=\"b8a863e\" data-element_type=\"widget\" data-widget_type=\"heading.default\">\n\t\t\t\t<div class=\"elementor-widget-container\">\n\t\t\t<h2 class=\"elementor-heading-title elementor-size-default\">Unser Motto lautet:<\/h2>\t\t<\/div>\n\t\t\t\t<\/div>\n\t\t\t\t\t<\/div>\n\t\t<\/div>\n\t\t\t\t\t\t\t<\/div>\n\t\t<\/section>\n\t\t\t\t<section class=\"elementor-section elementor-top-section elementor-element elementor-element-ef0a5ed elementor-section-boxed elementor-section-height-default elementor-section-height-default\" data-id=\"ef0a5ed\" data-element_type=\"section\">\n\t\t\t\t\t\t<div class=\"elementor-container elementor-column-gap-default\">\n\t\t\t\t\t<div class=\"elementor-column elementor-col-100 elementor-top-column elementor-element elementor-element-9a3c123\" data-id=\"9a3c123\" data-element_type=\"column\">\n\t\t\t<div class=\"elementor-widget-wrap elementor-element-populated\">\n\t\t\t\t\t\t\t\t<div class=\"elementor-element elementor-element-a1e0d7a elementor-widget elementor-widget-image\" data-id=\"a1e0d7a\" data-element_type=\"widget\" data-widget_type=\"image.default\">\n\t\t\t\t<div class=\"elementor-widget-container\">\n\t\t\t<style>\/*! elementor - v3.10.0 - 09-01-2023 *\/\n.elementor-widget-image{text-align:center}.elementor-widget-image a{display:inline-block}.elementor-widget-image a img[src$=\".svg\"]{width:48px}.elementor-widget-image img{vertical-align:middle;display:inline-block}<\/style>\t\t\t\t\t\t\t\t\t\t\t\t<img decoding=\"async\" width=\"683\" height=\"74\" src=\"https:\/\/hwd-t\u00fcrck.de\/wp-content\/uploads\/2021\/11\/Motto.jpg\" class=\"attachment-large size-large wp-image-379\" alt=\"\" loading=\"lazy\" srcset=\"https:\/\/hwd-t\u00fcrck.de\/wp-content\/uploads\/2021\/11\/Motto.jpg 683w, https:\/\/hwd-t\u00fcrck.de\/wp-content\/uploads\/2021\/11\/Motto-300x33.jpg 300w\" sizes=\"(max-width: 683px) 100vw, 683px\" \/>\t\t\t\t\t\t\t\t\t\t\t\t\t\t\t<\/div>\n\t\t\t\t<\/div>\n\t\t\t\t\t<\/div>\n\t\t<\/div>\n\t\t\t\t\t\t\t<\/div>\n\t\t<\/section>\n\t\t\t\t<section class=\"elementor-section elementor-top-section elementor-element elementor-element-2f61b95 elementor-section-boxed elementor-section-height-default elementor-section-height-default\" data-id=\"2f61b95\" data-element_type=\"section\">\n\t\t\t\t\t\t<div class=\"elementor-container elementor-column-gap-default\">\n\t\t\t\t\t<div class=\"elementor-column elementor-col-100 elementor-top-column elementor-element elementor-element-1cc0875\" data-id=\"1cc0875\" data-element_type=\"column\">\n\t\t\t<div class=\"elementor-widget-wrap elementor-element-populated\">\n\t\t\t\t\t\t\t\t<div class=\"elementor-element elementor-element-4e719ef elementor-widget-divider--view-line elementor-widget elementor-widget-divider\" data-id=\"4e719ef\" data-element_type=\"widget\" data-widget_type=\"divider.default\">\n\t\t\t\t<div class=\"elementor-widget-container\">\n\t\t\t<style>\/*! elementor - v3.10.0 - 09-01-2023 *\/\n.elementor-widget-divider{--divider-border-style:none;--divider-border-width:1px;--divider-color:#2c2c2c;--divider-icon-size:20px;--divider-element-spacing:10px;--divider-pattern-height:24px;--divider-pattern-size:20px;--divider-pattern-url:none;--divider-pattern-repeat:repeat-x}.elementor-widget-divider .elementor-divider{display:flex}.elementor-widget-divider .elementor-divider__text{font-size:15px;line-height:1;max-width:95%}.elementor-widget-divider .elementor-divider__element{margin:0 var(--divider-element-spacing);flex-shrink:0}.elementor-widget-divider .elementor-icon{font-size:var(--divider-icon-size)}.elementor-widget-divider .elementor-divider-separator{display:flex;margin:0;direction:ltr}.elementor-widget-divider--view-line_icon .elementor-divider-separator,.elementor-widget-divider--view-line_text .elementor-divider-separator{align-items:center}.elementor-widget-divider--view-line_icon .elementor-divider-separator:after,.elementor-widget-divider--view-line_icon .elementor-divider-separator:before,.elementor-widget-divider--view-line_text .elementor-divider-separator:after,.elementor-widget-divider--view-line_text .elementor-divider-separator:before{display:block;content:\"\";border-bottom:0;flex-grow:1;border-top:var(--divider-border-width) var(--divider-border-style) var(--divider-color)}.elementor-widget-divider--element-align-left .elementor-divider .elementor-divider-separator>.elementor-divider__svg:first-of-type{flex-grow:0;flex-shrink:100}.elementor-widget-divider--element-align-left .elementor-divider-separator:before{content:none}.elementor-widget-divider--element-align-left .elementor-divider__element{margin-left:0}.elementor-widget-divider--element-align-right .elementor-divider .elementor-divider-separator>.elementor-divider__svg:last-of-type{flex-grow:0;flex-shrink:100}.elementor-widget-divider--element-align-right .elementor-divider-separator:after{content:none}.elementor-widget-divider--element-align-right .elementor-divider__element{margin-right:0}.elementor-widget-divider:not(.elementor-widget-divider--view-line_text):not(.elementor-widget-divider--view-line_icon) .elementor-divider-separator{border-top:var(--divider-border-width) var(--divider-border-style) var(--divider-color)}.elementor-widget-divider--separator-type-pattern{--divider-border-style:none}.elementor-widget-divider--separator-type-pattern.elementor-widget-divider--view-line .elementor-divider-separator,.elementor-widget-divider--separator-type-pattern:not(.elementor-widget-divider--view-line) .elementor-divider-separator:after,.elementor-widget-divider--separator-type-pattern:not(.elementor-widget-divider--view-line) .elementor-divider-separator:before,.elementor-widget-divider--separator-type-pattern:not([class*=elementor-widget-divider--view]) .elementor-divider-separator{width:100%;min-height:var(--divider-pattern-height);-webkit-mask-size:var(--divider-pattern-size) 100%;mask-size:var(--divider-pattern-size) 100%;-webkit-mask-repeat:var(--divider-pattern-repeat);mask-repeat:var(--divider-pattern-repeat);background-color:var(--divider-color);-webkit-mask-image:var(--divider-pattern-url);mask-image:var(--divider-pattern-url)}.elementor-widget-divider--no-spacing{--divider-pattern-size:auto}.elementor-widget-divider--bg-round{--divider-pattern-repeat:round}.rtl .elementor-widget-divider .elementor-divider__text{direction:rtl}.e-con-inner>.elementor-widget-divider,.e-con>.elementor-widget-divider{width:var(--container-widget-width);--flex-grow:var(--container-widget-flex-grow)}<\/style>\t\t<div class=\"elementor-divider\">\n\t\t\t<span class=\"elementor-divider-separator\">\n\t\t\t\t\t\t<\/span>\n\t\t<\/div>\n\t\t\t\t<\/div>\n\t\t\t\t<\/div>\n\t\t\t\t\t<\/div>\n\t\t<\/div>\n\t\t\t\t\t\t\t<\/div>\n\t\t<\/section>\n\t\t\t\t<section class=\"elementor-section elementor-top-section elementor-element elementor-element-d8bdc8b elementor-section-boxed elementor-section-height-default elementor-section-height-default\" data-id=\"d8bdc8b\" data-element_type=\"section\">\n\t\t\t\t\t\t<div class=\"elementor-container elementor-column-gap-default\">\n\t\t\t\t\t<div class=\"elementor-column elementor-col-100 elementor-top-column elementor-element elementor-element-c105d0d\" data-id=\"c105d0d\" data-element_type=\"column\">\n\t\t\t<div class=\"elementor-widget-wrap elementor-element-populated\">\n\t\t\t\t\t\t\t\t<div class=\"elementor-element elementor-element-3b19ba7 elementor-widget elementor-widget-heading\" data-id=\"3b19ba7\" data-element_type=\"widget\" data-widget_type=\"heading.default\">\n\t\t\t\t<div class=\"elementor-widget-container\">\n\t\t\t<h2 class=\"elementor-heading-title elementor-size-default\">Unsere Leistungen im \u00dcberblick<\/h2>\t\t<\/div>\n\t\t\t\t<\/div>\n\t\t\t\t\t<\/div>\n\t\t<\/div>\n\t\t\t\t\t\t\t<\/div>\n\t\t<\/section>\n\t\t\t\t<section class=\"elementor-section elementor-top-section elementor-element elementor-element-3fa3578 elementor-section-boxed elementor-section-height-default elementor-section-height-default\" data-id=\"3fa3578\" data-element_type=\"section\">\n\t\t\t\t\t\t<div class=\"elementor-container elementor-column-gap-default\">\n\t\t\t\t\t<div class=\"elementor-column elementor-col-100 elementor-top-column elementor-element elementor-element-679154c\" data-id=\"679154c\" data-element_type=\"column\">\n\t\t\t<div class=\"elementor-widget-wrap elementor-element-populated\">\n\t\t\t\t\t\t\t\t<div class=\"elementor-element elementor-element-9efc95c elementor-widget elementor-widget-text-editor\" data-id=\"9efc95c\" data-element_type=\"widget\" data-widget_type=\"text-editor.default\">\n\t\t\t\t<div class=\"elementor-widget-container\">\n\t\t\t\t\t\t\t<ul><li><p><span style=\"font-size: medium;\">Baumaschinenverleih<\/span><\/p><\/li><li>Unterhaltsreinigungen nach Wohnungs- und Hausabnahmen<\/li><li><p><span style=\"font-size: medium;\">Objektbetreuung (Pflege der Au\u00dfenanlagen sowie Reinigung von Treppenh\u00e4usern)<\/span><\/p><\/li><li><p><span style=\"font-size: medium;\">Pool Reinigung \/ Wartung<\/span><\/p><\/li><li><p><span style=\"font-size: medium;\">Gartenpflege<\/span><\/p><\/li><li><p><span style=\"font-size: medium;\">Kleinere Reparaturen jeglicher Art<\/span><\/p><\/li><li>Hausmeisterservice<\/li><li><p><span style=\"font-size: medium;\">Maler-, Lackier &amp; Anstricharbeiten<\/span><\/p><\/li><\/ul><p><span style=\"font-size: medium;\">Sie brauchen Hilfe bei Ihrem Bauprojekt? Kein Problem!<br \/>Mit unseren Maschinen stellen wir Ihnen auch gerne einen unserer Mitarbeiter <\/span><span style=\"font-size: medium;\">gegen Aufpreis zur Verf\u00fcgung. Sprechen Sie uns einfach an!<\/span><\/p>\t\t\t\t\t\t<\/div>\n\t\t\t\t<\/div>\n\t\t\t\t\t<\/div>\n\t\t<\/div>\n\t\t\t\t\t\t\t<\/div>\n\t\t<\/section>\n\t\t\t\t\t\t\t<\/div>\n\t\t","protected":false},"excerpt":{"rendered":"<p>\u00dcber uns Hinter dem Namen Haus &amp; Wohnungsdienst T\u00fcrck stehen wir als familiengef\u00fchrtes Unternehmen mit fast 10 j\u00e4hriger Erfahrung in der Welt des Handwerks und der Betreuung\u00a0 von Wohnobjekten. Ganz neu in unserem Portfolio ist der Verleih von Baumaschinen und der Bereich Maler- &amp; Lackierarbeiten,\u00a0 den unsere Tochter als ausgebildete Malerin und Lackiererin in der &hellip; <\/p>\n<p><a class=\"more-link btn\" href=\"https:\/\/hwd-t\u00fcrck.de\/?page_id=123\">Weiterlesen<\/a><\/p>\n","protected":false},"author":2,"featured_media":0,"parent":0,"menu_order":0,"comment_status":"closed","ping_status":"closed","template":"","meta":[],"yoast_head":"<!-- This site is optimized with the Yoast SEO plugin v19.14 - https:\/\/yoast.com\/wordpress\/plugins\/seo\/ -->\n<title>\u00dcber uns - Haus- &amp; Wohnungsdienst Bernd T\u00fcrck<\/title>\n<meta name=\"robots\" content=\"index, follow, max-snippet:-1, max-image-preview:large, max-video-preview:-1\" \/>\n<link rel=\"canonical\" href=\"https:\/\/hwd-t\u00fcrck.de\/?page_id=123\" \/>\n<meta property=\"og:locale\" content=\"de_DE\" \/>\n<meta property=\"og:type\" content=\"article\" \/>\n<meta property=\"og:title\" content=\"\u00dcber uns - Haus- &amp; Wohnungsdienst Bernd T\u00fcrck\" \/>\n<meta property=\"og:description\" content=\"\u00dcber uns Hinter dem Namen Haus &amp; Wohnungsdienst T\u00fcrck stehen wir als familiengef\u00fchrtes Unternehmen mit fast 10 j\u00e4hriger Erfahrung in der Welt des Handwerks und der Betreuung\u00a0 von Wohnobjekten. Ganz neu in unserem Portfolio ist der Verleih von Baumaschinen und der Bereich Maler- &amp; Lackierarbeiten,\u00a0 den unsere Tochter als ausgebildete Malerin und Lackiererin in der &hellip; Weiterlesen\" \/>\n<meta property=\"og:url\" content=\"https:\/\/hwd-t\u00fcrck.de\/?page_id=123\" \/>\n<meta property=\"og:site_name\" content=\"Haus- &amp; Wohnungsdienst Bernd T\u00fcrck\" \/>\n<meta property=\"article:modified_time\" content=\"2022-05-05T15:12:44+00:00\" \/>\n<meta name=\"twitter:card\" content=\"summary_large_image\" \/>\n<meta name=\"twitter:label1\" content=\"Gesch\u00e4tzte Lesezeit\" \/>\n\t<meta name=\"twitter:data1\" content=\"1 Minute\" \/>\n<script type=\"application\/ld+json\" class=\"yoast-schema-graph\">{\"@context\":\"https:\/\/schema.org\",\"@graph\":[{\"@type\":\"WebPage\",\"@id\":\"https:\/\/hwd-t\u00fcrck.de\/?page_id=123\",\"url\":\"https:\/\/hwd-t\u00fcrck.de\/?page_id=123\",\"name\":\"\u00dcber uns - Haus- &amp; Wohnungsdienst Bernd T\u00fcrck\",\"isPartOf\":{\"@id\":\"https:\/\/hwd-t\u00fcrck.de\/#website\"},\"datePublished\":\"2021-10-20T14:11:47+00:00\",\"dateModified\":\"2022-05-05T15:12:44+00:00\",\"breadcrumb\":{\"@id\":\"https:\/\/hwd-t\u00fcrck.de\/?page_id=123#breadcrumb\"},\"inLanguage\":\"de-DE\",\"potentialAction\":[{\"@type\":\"ReadAction\",\"target\":[\"https:\/\/hwd-t\u00fcrck.de\/?page_id=123\"]}]},{\"@type\":\"BreadcrumbList\",\"@id\":\"https:\/\/hwd-t\u00fcrck.de\/?page_id=123#breadcrumb\",\"itemListElement\":[{\"@type\":\"ListItem\",\"position\":1,\"name\":\"Startseite\",\"item\":\"https:\/\/hwd-t\u00fcrck.de\/\"},{\"@type\":\"ListItem\",\"position\":2,\"name\":\"\u00dcber uns\"}]},{\"@type\":\"WebSite\",\"@id\":\"https:\/\/hwd-t\u00fcrck.de\/#website\",\"url\":\"https:\/\/hwd-t\u00fcrck.de\/\",\"name\":\"Haus- &amp; Wohnungsdienst Bernd T\u00fcrck\",\"description\":\"Unser Motto: &quot;Wir nehmen Ihnen die Arbeit ab!&quot;\",\"publisher\":{\"@id\":\"https:\/\/hwd-t\u00fcrck.de\/#organization\"},\"potentialAction\":[{\"@type\":\"SearchAction\",\"target\":{\"@type\":\"EntryPoint\",\"urlTemplate\":\"https:\/\/hwd-t\u00fcrck.de\/?s={search_term_string}\"},\"query-input\":\"required name=search_term_string\"}],\"inLanguage\":\"de-DE\"},{\"@type\":\"Organization\",\"@id\":\"https:\/\/hwd-t\u00fcrck.de\/#organization\",\"name\":\"Haus- & Wohnungsdienst B. T\u00fcrck\",\"url\":\"https:\/\/hwd-t\u00fcrck.de\/\",\"logo\":{\"@type\":\"ImageObject\",\"inLanguage\":\"de-DE\",\"@id\":\"https:\/\/hwd-t\u00fcrck.de\/#\/schema\/logo\/image\/\",\"url\":\"https:\/\/hwd-t\u00fcrck.de\/wp-content\/uploads\/2022\/01\/Logo_klein.jpg\",\"contentUrl\":\"https:\/\/hwd-t\u00fcrck.de\/wp-content\/uploads\/2022\/01\/Logo_klein.jpg\",\"width\":354,\"height\":286,\"caption\":\"Haus- & Wohnungsdienst B. T\u00fcrck\"},\"image\":{\"@id\":\"https:\/\/hwd-t\u00fcrck.de\/#\/schema\/logo\/image\/\"}}]}<\/script>\n<!-- \/ Yoast SEO plugin. -->","yoast_head_json":{"title":"\u00dcber uns - Haus- &amp; Wohnungsdienst Bernd T\u00fcrck","robots":{"index":"index","follow":"follow","max-snippet":"max-snippet:-1","max-image-preview":"max-image-preview:large","max-video-preview":"max-video-preview:-1"},"canonical":"https:\/\/hwd-t\u00fcrck.de\/?page_id=123","og_locale":"de_DE","og_type":"article","og_title":"\u00dcber uns - Haus- &amp; Wohnungsdienst Bernd T\u00fcrck","og_description":"\u00dcber uns Hinter dem Namen Haus &amp; Wohnungsdienst T\u00fcrck stehen wir als familiengef\u00fchrtes Unternehmen mit fast 10 j\u00e4hriger Erfahrung in der Welt des Handwerks und der Betreuung\u00a0 von Wohnobjekten. Ganz neu in unserem Portfolio ist der Verleih von Baumaschinen und der Bereich Maler- &amp; Lackierarbeiten,\u00a0 den unsere Tochter als ausgebildete Malerin und Lackiererin in der &hellip; Weiterlesen","og_url":"https:\/\/hwd-t\u00fcrck.de\/?page_id=123","og_site_name":"Haus- &amp; Wohnungsdienst Bernd T\u00fcrck","article_modified_time":"2022-05-05T15:12:44+00:00","twitter_card":"summary_large_image","twitter_misc":{"Gesch\u00e4tzte Lesezeit":"1 Minute"},"schema":{"@context":"https:\/\/schema.org","@graph":[{"@type":"WebPage","@id":"https:\/\/hwd-t\u00fcrck.de\/?page_id=123","url":"https:\/\/hwd-t\u00fcrck.de\/?page_id=123","name":"\u00dcber uns - Haus- &amp; Wohnungsdienst Bernd T\u00fcrck","isPartOf":{"@id":"https:\/\/hwd-t\u00fcrck.de\/#website"},"datePublished":"2021-10-20T14:11:47+00:00","dateModified":"2022-05-05T15:12:44+00:00","breadcrumb":{"@id":"https:\/\/hwd-t\u00fcrck.de\/?page_id=123#breadcrumb"},"inLanguage":"de-DE","potentialAction":[{"@type":"ReadAction","target":["https:\/\/hwd-t\u00fcrck.de\/?page_id=123"]}]},{"@type":"BreadcrumbList","@id":"https:\/\/hwd-t\u00fcrck.de\/?page_id=123#breadcrumb","itemListElement":[{"@type":"ListItem","position":1,"name":"Startseite","item":"https:\/\/hwd-t\u00fcrck.de\/"},{"@type":"ListItem","position":2,"name":"\u00dcber uns"}]},{"@type":"WebSite","@id":"https:\/\/hwd-t\u00fcrck.de\/#website","url":"https:\/\/hwd-t\u00fcrck.de\/","name":"Haus- &amp; Wohnungsdienst Bernd T\u00fcrck","description":"Unser Motto: &quot;Wir nehmen Ihnen die Arbeit ab!&quot;","publisher":{"@id":"https:\/\/hwd-t\u00fcrck.de\/#organization"},"potentialAction":[{"@type":"SearchAction","target":{"@type":"EntryPoint","urlTemplate":"https:\/\/hwd-t\u00fcrck.de\/?s={search_term_string}"},"query-input":"required name=search_term_string"}],"inLanguage":"de-DE"},{"@type":"Organization","@id":"https:\/\/hwd-t\u00fcrck.de\/#organization","name":"Haus- & Wohnungsdienst B. T\u00fcrck","url":"https:\/\/hwd-t\u00fcrck.de\/","logo":{"@type":"ImageObject","inLanguage":"de-DE","@id":"https:\/\/hwd-t\u00fcrck.de\/#\/schema\/logo\/image\/","url":"https:\/\/hwd-t\u00fcrck.de\/wp-content\/uploads\/2022\/01\/Logo_klein.jpg","contentUrl":"https:\/\/hwd-t\u00fcrck.de\/wp-content\/uploads\/2022\/01\/Logo_klein.jpg","width":354,"height":286,"caption":"Haus- & Wohnungsdienst B. T\u00fcrck"},"image":{"@id":"https:\/\/hwd-t\u00fcrck.de\/#\/schema\/logo\/image\/"}}]}},"_links":{"self":[{"href":"https:\/\/hwd-t\u00fcrck.de\/index.php?rest_route=\/wp\/v2\/pages\/123"}],"collection":[{"href":"https:\/\/hwd-t\u00fcrck.de\/index.php?rest_route=\/wp\/v2\/pages"}],"about":[{"href":"https:\/\/hwd-t\u00fcrck.de\/index.php?rest_route=\/wp\/v2\/types\/page"}],"author":[{"embeddable":true,"href":"https:\/\/hwd-t\u00fcrck.de\/index.php?rest_route=\/wp\/v2\/users\/2"}],"replies":[{"embeddable":true,"href":"https:\/\/hwd-t\u00fcrck.de\/index.php?rest_route=%2Fwp%2Fv2%2Fcomments&post=123"}],"version-history":[{"count":27,"href":"https:\/\/hwd-t\u00fcrck.de\/index.php?rest_route=\/wp\/v2\/pages\/123\/revisions"}],"predecessor-version":[{"id":449,"href":"https:\/\/hwd-t\u00fcrck.de\/index.php?rest_route=\/wp\/v2\/pages\/123\/revisions\/449"}],"wp:attachment":[{"href":"https:\/\/hwd-t\u00fcrck.de\/index.php?rest_route=%2Fwp%2Fv2%2Fmedia&parent=123"}],"curies":[{"name":"wp","href":"https:\/\/api.w.org\/{rel}","templated":true}]}}